{"id":7,"date":"2020-02-22T02:21:34","date_gmt":"2020-02-22T05:21:34","guid":{"rendered":"http:\/\/graciela-giuffrida.com.ar\/?page_id=7"},"modified":"2022-02-20T13:47:47","modified_gmt":"2022-02-20T16:47:47","slug":"acerca-de","status":"publish","type":"page","link":"https:\/\/graciela-giuffrida.com.ar\/index.php\/acerca-de\/","title":{"rendered":"Acerca de"},"content":{"rendered":"\n<figure class=\"wp-block-image size-large is-resized\"><img loading=\"lazy\" decoding=\"async\" src=\"http:\/\/graciela-giuffrida.com.ar\/wp-content\/uploads\/2020\/02\/blogfoto1.jpg\" alt=\"\" class=\"wp-image-53\" width=\"315\" height=\"315\" srcset=\"https:\/\/graciela-giuffrida.com.ar\/wp-content\/uploads\/2020\/02\/blogfoto1.jpg 472w, https:\/\/graciela-giuffrida.com.ar\/wp-content\/uploads\/2020\/02\/blogfoto1-300x300.jpg 300w, https:\/\/graciela-giuffrida.com.ar\/wp-content\/uploads\/2020\/02\/blogfoto1-150x150.jpg 150w, https:\/\/graciela-giuffrida.com.ar\/wp-content\/uploads\/2020\/02\/blogfoto1-270x270.jpg 270w, https:\/\/graciela-giuffrida.com.ar\/wp-content\/uploads\/2020\/02\/blogfoto1-230x230.jpg 230w\" sizes=\"auto, (max-width: 315px) 100vw, 315px\" \/><\/figure>\n\n\n\n<p>Mi nombre es\u00a0<strong>Graciela Hilda Giuffrida<\/strong>, me recib\u00ed de\u00a0<strong>M\u00e9dica<\/strong>\u00a0en la\u00a0<strong>UBA<\/strong>\u00a0y comenc\u00e9 inmediatamente a trabajar en tem\u00e1ticas relacionadas con la\u00a0<strong>obesidad<\/strong>, el\u00a0<strong>sobrepeso<\/strong>, y con diversos y distintos\u00a0<strong>trastornos de la alimentaci\u00f3n<\/strong>, en institutos, centros y consultorios especializados en\u00a0<strong>Nutrici\u00f3n y Metabolismo\u00a0<\/strong>(incluida una enriquecedora experiencia en Andaluc\u00eda, Espa\u00f1a, una vez recibido el t\u00edtulo de especialista). Al mismo  tiempo curs\u00e9 la\u00a0<strong>especializaci\u00f3n<\/strong>\u00a0en Psiquiatr\u00eda en\u00a0<strong>APSA<\/strong>, lo cual me permite hasta la actualidad, realizar un\u00a0<strong>abordaje integral de lo\u00a0 nutricional y metab\u00f3lico<\/strong>.<\/p>\n\n\n\n<p>Durante todo el ejercicio de mi profesi\u00f3n hice permanentemente cursos de actualizaci\u00f3n en&nbsp;<strong>Medicina Interna<\/strong>, muchos de los cuales fueron en la <strong>UCA<\/strong>, lo que posibilit\u00f3 mantenerme bien formada en&nbsp;<strong>cl\u00ednica m\u00e9dica<\/strong>.<\/p>\n\n\n\n<p>Realic\u00e9 adem\u00e1s el&nbsp;<strong>posgrado<\/strong>&nbsp;en tratamiento de&nbsp;<strong>adicciones<\/strong>&nbsp;t\u00f3xicas y no t\u00f3xicas de<strong>&nbsp;UNTREF,&nbsp;&nbsp;<\/strong>por lo que a\u00f1ad\u00ed a mi curriculum el estudio de una problem\u00e1tica cada vez m\u00e1s actual y preocupante.<\/p>\n\n\n\n<p>En 2014, comenc\u00e9 a cursar la carrera de <strong>Intervenci\u00f3n y Gesti\u00f3n Gerontol\u00f3gica<\/strong>, tambi\u00e9n en\u00a0<strong>UNTREF<\/strong>, recibiendo el t\u00edtulo de\u00a0<strong>especialista<\/strong>, por lo cual adquir\u00ed una herramienta fundamental como m\u00e9dica: contar con conocimientos adecuados para la\u00a0<strong>atenci\u00f3n de las personas mayores<\/strong>\u00a0y dado el \u00e1mbito en el que me form\u00e9 me asegur\u00f3 tener una mirada\u00a0<strong>interdisciplinaria<\/strong>\u00a0que me enriquece como profesional, y sobre todo personalmente.<\/p>\n\n\n\n<p>Ejerzo la\u00a0<strong>docencia<\/strong>\u00a0en distintos \u00e1mbitos acad\u00e9micos, en temas relacionados con el\u00a0<strong>Envejecimiento\u00a0Activo y Saludable<\/strong>\u00a0en general, los trastornos cognitivos y las demencias, y <strong> <\/strong>la<strong> promoci\u00f3n y prevenci\u00f3n, diagn\u00f3stico y tratamiento de los problemas frecuentes de salud de las personas mayores<\/strong> en particular.<\/p>\n","protected":false},"excerpt":{"rendered":"<p>Mi nombre es\u00a0Graciela Hilda Giuffrida, me recib\u00ed de\u00a0M\u00e9dica\u00a0en la\u00a0UBA\u00a0y comenc\u00e9 inmediatamente a trabajar en tem\u00e1ticas relacionadas con la\u00a0obesidad, el\u00a0sobrepeso, y con diversos y distintos\u00a0trastornos de la alimentaci\u00f3n, en institutos, centros y consultorios especializados en\u00a0Nutrici\u00f3n y Metabolismo\u00a0(incluida una enriquecedora experiencia en<\/p>\n","protected":false},"author":1,"featured_media":0,"parent":0,"menu_order":0,"comment_status":"closed","ping_status":"closed","template":"","meta":{"footnotes":""},"class_list":["post-7","page","type-page","status-publish","hentry"],"_links":{"self":[{"href":"https:\/\/graciela-giuffrida.com.ar\/index.php\/wp-json\/wp\/v2\/pages\/7","targetHints":{"allow":["GET"]}}],"collection":[{"href":"https:\/\/graciela-giuffrida.com.ar\/index.php\/wp-json\/wp\/v2\/pages"}],"about":[{"href":"https:\/\/graciela-giuffrida.com.ar\/index.php\/wp-json\/wp\/v2\/types\/page"}],"author":[{"embeddable":true,"href":"https:\/\/graciela-giuffrida.com.ar\/index.php\/wp-json\/wp\/v2\/users\/1"}],"replies":[{"embeddable":true,"href":"https:\/\/graciela-giuffrida.com.ar\/index.php\/wp-json\/wp\/v2\/comments?post=7"}],"version-history":[{"count":10,"href":"https:\/\/graciela-giuffrida.com.ar\/index.php\/wp-json\/wp\/v2\/pages\/7\/revisions"}],"predecessor-version":[{"id":373,"href":"https:\/\/graciela-giuffrida.com.ar\/index.php\/wp-json\/wp\/v2\/pages\/7\/revisions\/373"}],"wp:attachment":[{"href":"https:\/\/graciela-giuffrida.com.ar\/index.php\/wp-json\/wp\/v2\/media?parent=7"}],"curies":[{"name":"wp","href":"https:\/\/api.w.org\/{rel}","templated":true}]}}