{"id":6,"date":"2020-02-22T02:21:34","date_gmt":"2020-02-22T05:21:34","guid":{"rendered":"http:\/\/graciela-giuffrida.com.ar\/?page_id=6"},"modified":"2024-12-21T14:28:56","modified_gmt":"2024-12-21T17:28:56","slug":"inicio","status":"publish","type":"page","link":"https:\/\/graciela-giuffrida.com.ar\/","title":{"rendered":"Inicio"},"content":{"rendered":"\n<figure class=\"wp-block-image size-large\"><img loading=\"lazy\" decoding=\"async\" width=\"1024\" height=\"1024\" src=\"http:\/\/graciela-giuffrida.com.ar\/wp-content\/uploads\/2024\/12\/Foto-Graci-1024x1024.jpg\" alt=\"\" class=\"wp-image-656\" srcset=\"https:\/\/graciela-giuffrida.com.ar\/wp-content\/uploads\/2024\/12\/Foto-Graci-1024x1024.jpg 1024w, https:\/\/graciela-giuffrida.com.ar\/wp-content\/uploads\/2024\/12\/Foto-Graci-300x300.jpg 300w, https:\/\/graciela-giuffrida.com.ar\/wp-content\/uploads\/2024\/12\/Foto-Graci-150x150.jpg 150w, https:\/\/graciela-giuffrida.com.ar\/wp-content\/uploads\/2024\/12\/Foto-Graci-768x768.jpg 768w, https:\/\/graciela-giuffrida.com.ar\/wp-content\/uploads\/2024\/12\/Foto-Graci-270x270.jpg 270w, https:\/\/graciela-giuffrida.com.ar\/wp-content\/uploads\/2024\/12\/Foto-Graci-230x230.jpg 230w, https:\/\/graciela-giuffrida.com.ar\/wp-content\/uploads\/2024\/12\/Foto-Graci.jpg 1080w\" sizes=\"auto, (max-width: 1024px) 100vw, 1024px\" \/><figcaption>Mi nombre es Graciela Hilda Giuffrida, soy m\u00e9dica y me dedico a los problemas de Nutrici\u00f3n, tales como el sobrepeso, la obesidad y el metabolismo. Me especialic\u00e9 en Psiquiatr\u00eda y en Intervenci\u00f3n y Gesti\u00f3n Gerontol\u00f3gica. Soy docente e investigadora. <\/figcaption><\/figure>\n\n\n\n<p>Welcome to your site! This is your homepage, which is what most visitors will see when they come to your site for the first time.<\/p>\n","protected":false},"excerpt":{"rendered":"<p>Welcome to your site! This is your homepage, which is what most visitors will see when they come to your site for the first time.<\/p>\n","protected":false},"author":1,"featured_media":0,"parent":0,"menu_order":0,"comment_status":"closed","ping_status":"closed","template":"page-templates\/business.php","meta":{"footnotes":""},"class_list":["post-6","page","type-page","status-publish","hentry"],"_links":{"self":[{"href":"https:\/\/graciela-giuffrida.com.ar\/index.php\/wp-json\/wp\/v2\/pages\/6","targetHints":{"allow":["GET"]}}],"collection":[{"href":"https:\/\/graciela-giuffrida.com.ar\/index.php\/wp-json\/wp\/v2\/pages"}],"about":[{"href":"https:\/\/graciela-giuffrida.com.ar\/index.php\/wp-json\/wp\/v2\/types\/page"}],"author":[{"embeddable":true,"href":"https:\/\/graciela-giuffrida.com.ar\/index.php\/wp-json\/wp\/v2\/users\/1"}],"replies":[{"embeddable":true,"href":"https:\/\/graciela-giuffrida.com.ar\/index.php\/wp-json\/wp\/v2\/comments?post=6"}],"version-history":[{"count":4,"href":"https:\/\/graciela-giuffrida.com.ar\/index.php\/wp-json\/wp\/v2\/pages\/6\/revisions"}],"predecessor-version":[{"id":663,"href":"https:\/\/graciela-giuffrida.com.ar\/index.php\/wp-json\/wp\/v2\/pages\/6\/revisions\/663"}],"wp:attachment":[{"href":"https:\/\/graciela-giuffrida.com.ar\/index.php\/wp-json\/wp\/v2\/media?parent=6"}],"curies":[{"name":"wp","href":"https:\/\/api.w.org\/{rel}","templated":true}]}}